{"id":238,"date":"2026-05-01T12:44:37","date_gmt":"2026-05-01T12:44:37","guid":{"rendered":"https:\/\/myserenitysport.com\/?page_id=238"},"modified":"2026-05-01T12:58:34","modified_gmt":"2026-05-01T12:58:34","slug":"site-en-construction","status":"publish","type":"page","link":"https:\/\/myserenitysport.com\/","title":{"rendered":"Bienvenue !"},"content":{"rendered":"\n<div style=\"height:51px\" aria-hidden=\"true\" class=\"wp-block-spacer\"><\/div>\n\n\n\n<p class=\"has-text-align-center\"><strong>Le site arrive bient\u00f4t ! \ud83d\udea7<\/strong><\/p>\n\n\n\n<p class=\"has-text-align-center\">En attendant, vous pouvez d\u00e9j\u00e0 r\u00e9server votre s\u00e9ance \ud83d\udc47<\/p>\n\n\n\n<div style=\"height:1px\" aria-hidden=\"true\" class=\"wp-block-spacer\"><\/div>\n\n\n\n<div class=\"wp-block-buttons is-content-justification-center is-layout-flex wp-container-core-buttons-is-layout-a89b3969 wp-block-buttons-is-layout-flex\">\n<div class=\"wp-block-button\"><a class=\"wp-block-button__link wp-element-button\" href=\"https:\/\/calendly.com\/contact-myserenitysport\/new-meeting\">Reserver<\/a><\/div>\n<\/div>\n","protected":false},"excerpt":{"rendered":"<p>Le site arrive bient\u00f4t ! \ud83d\udea7 En attendant, vous pouvez d\u00e9j\u00e0 r\u00e9server votre s\u00e9ance \ud83d\udc47<\/p>\n","protected":false},"author":1,"featured_media":0,"parent":0,"menu_order":0,"comment_status":"closed","ping_status":"closed","template":"","meta":{"footnotes":""},"class_list":["post-238","page","type-page","status-publish","hentry"],"_links":{"self":[{"href":"https:\/\/myserenitysport.com\/index.php\/wp-json\/wp\/v2\/pages\/238","targetHints":{"allow":["GET"]}}],"collection":[{"href":"https:\/\/myserenitysport.com\/index.php\/wp-json\/wp\/v2\/pages"}],"about":[{"href":"https:\/\/myserenitysport.com\/index.php\/wp-json\/wp\/v2\/types\/page"}],"author":[{"embeddable":true,"href":"https:\/\/myserenitysport.com\/index.php\/wp-json\/wp\/v2\/users\/1"}],"replies":[{"embeddable":true,"href":"https:\/\/myserenitysport.com\/index.php\/wp-json\/wp\/v2\/comments?post=238"}],"version-history":[{"count":6,"href":"https:\/\/myserenitysport.com\/index.php\/wp-json\/wp\/v2\/pages\/238\/revisions"}],"predecessor-version":[{"id":247,"href":"https:\/\/myserenitysport.com\/index.php\/wp-json\/wp\/v2\/pages\/238\/revisions\/247"}],"wp:attachment":[{"href":"https:\/\/myserenitysport.com\/index.php\/wp-json\/wp\/v2\/media?parent=238"}],"curies":[{"name":"wp","href":"https:\/\/api.w.org\/{rel}","templated":true}]}}